{"id":45,"date":"2021-04-08T15:57:14","date_gmt":"2021-04-08T15:57:14","guid":{"rendered":"http:\/\/localhost\/gezonheidscentrahuizen-jaarveslag-2020\/?page_id=45"},"modified":"2024-07-12T08:11:34","modified_gmt":"2024-07-12T08:11:34","slug":"fysiotherapie","status":"publish","type":"page","link":"https:\/\/www.wgchuizen-jaarverslag.nl\/2023\/fysiotherapie\/","title":{"rendered":"Fysiotherapie"},"content":{"rendered":"<p><div class=\"fusion-bg-parallax\" data-bg-align=\"center center\" data-direction=\"up\" data-mute=\"false\" data-opacity=\"100\" data-velocity=\"-0.3\" data-mobile-enabled=\"false\" data-break_parents=\"0\" data-bg-image=\"https:\/\/www.wgchuizen-jaarverslag.nl\/2023\/wp-content\/uploads\/2021\/04\/LALE-0920-scaled.jpg\" data-bg-repeat=\"false\" ><\/div><div class=\"fusion-fullwidth fullwidth-box fusion-builder-row-1 fusion-flex-container has-pattern-background has-mask-background fusion-parallax-up nonhundred-percent-fullwidth non-hundred-percent-height-scrolling lazyload\" style=\"--awb-border-radius-top-left:0px;--awb-border-radius-top-right:0px;--awb-border-radius-bottom-right:0px;--awb-border-radius-bottom-left:0px;--awb-margin-bottom:0px;--awb-min-height:800px;--awb-background-size:cover;--awb-flex-wrap:wrap;\" data-bg=\"https:\/\/www.wgchuizen-jaarverslag.nl\/2023\/wp-content\/uploads\/2021\/04\/LALE-0920-scaled.jpg\" ><div class=\"fusion-builder-row fusion-row fusion-flex-align-items-center fusion-flex-align-content-center fusion-flex-content-wrap\" style=\"max-width:1352px;margin-left: calc(-4% \/ 2 );margin-right: calc(-4% \/ 2 );\"><div class=\"fusion-layout-column fusion_builder_column fusion-builder-column-0 fusion-flex-column fusion-flex-align-self-flex-start fusion-no-small-visibility fusion-no-medium-visibility fusion-animated\" style=\"--awb-bg-size:cover;--awb-width-large:13%;--awb-margin-top-large:0px;--awb-spacing-right-large:0px;--awb-margin-bottom-large:20px;--awb-spacing-left-large:14.769230769231%;--awb-width-medium:13%;--awb-order-medium:0;--awb-spacing-right-medium:0px;--awb-spacing-left-medium:14.769230769231%;--awb-width-small:100%;--awb-order-small:0;--awb-spacing-right-small:1.92%;--awb-spacing-left-small:1.92%;\" data-animationType=\"slideInLeft\" data-animationDuration=\"1.4\" data-animationOffset=\"top-into-view\"><div class=\"fusion-column-wrapper fusion-column-has-shadow fusion-flex-justify-content-flex-start fusion-content-layout-column\"><i class=\"fb-icon-element-1 fb-icon-element fontawesome-icon fa-chevron-right fas circle-no\" style=\"--awb-font-size:80px;--awb-margin-top:0;--awb-margin-right:0;--awb-margin-bottom:0;--awb-margin-left:0;--awb-align-self:center;\"><\/i><\/div><\/div><div class=\"fusion-layout-column fusion_builder_column fusion-builder-column-1 fusion-flex-column fusion-animated\" style=\"--awb-padding-top:30px;--awb-padding-right:30px;--awb-padding-bottom:30px;--awb-padding-left:30px;--awb-overflow:hidden;--awb-bg-color:rgba(255,255,255,0.86);--awb-bg-color-hover:rgba(255,255,255,0.86);--awb-bg-size:cover;--awb-border-radius:20px 20px 20px 20px;--awb-width-large:auto;--awb-margin-top-large:0px;--awb-spacing-right-large:2%;--awb-margin-bottom-large:20px;--awb-spacing-left-large:0px;--awb-width-medium:auto;--awb-order-medium:0;--awb-spacing-right-medium:2%;--awb-spacing-left-medium:0px;--awb-width-small:100%;--awb-order-small:0;--awb-spacing-right-small:1.92%;--awb-spacing-left-small:1.92%;\" data-animationType=\"fadeInLeft\" data-animationDuration=\"0.5\" data-animationOffset=\"top-into-view\"><div class=\"fusion-column-wrapper fusion-column-has-shadow fusion-flex-justify-content-flex-start fusion-content-layout-column\"><div class=\"fusion-text fusion-text-1\" style=\"--awb-font-size:40px;--awb-line-height:1.1;--awb-text-color:#009fe3;--awb-text-font-family:&quot;Zilla Slab&quot;;--awb-text-font-style:normal;--awb-text-font-weight:500;\"><p><span class=\"menu-text\">Fysiotherapie<\/span><\/p>\n<\/div><div class=\"fusion-separator fusion-full-width-sep\" style=\"align-self: center;margin-left: auto;margin-right: auto;margin-top:-10px;margin-bottom:-10px;width:100%;\"><\/div><\/div><\/div><\/div><\/div><div class=\"fusion-fullwidth fullwidth-box fusion-builder-row-2 fusion-flex-container nonhundred-percent-fullwidth non-hundred-percent-height-scrolling\" style=\"--link_color: #642f2c;--awb-border-radius-top-left:0px;--awb-border-radius-top-right:0px;--awb-border-radius-bottom-right:0px;--awb-border-radius-bottom-left:0px;--awb-padding-top:10px;--awb-padding-bottom:0px;--awb-margin-top:-119px;--awb-margin-bottom:-30px;--awb-flex-wrap:wrap;\" ><div class=\"fusion-builder-row fusion-row fusion-flex-align-items-flex-start fusion-flex-justify-content-center fusion-flex-content-wrap\" style=\"max-width:1352px;margin-left: calc(-4% \/ 2 );margin-right: calc(-4% \/ 2 );\"><div class=\"fusion-layout-column fusion_builder_column fusion-builder-column-2 fusion-flex-column fusion-animated\" style=\"--awb-padding-bottom:10px;--awb-overflow:hidden;--awb-bg-color:rgba(255,255,255,0.93);--awb-bg-color-hover:rgba(255,255,255,0.93);--awb-bg-size:cover;--awb-border-radius:30px 30px 0px 0px;--awb-width-large:14%;--awb-margin-top-large:0px;--awb-spacing-right-large:0px;--awb-margin-bottom-large:20px;--awb-spacing-left-large:0px;--awb-width-medium:14%;--awb-order-medium:0;--awb-spacing-right-medium:0px;--awb-spacing-left-medium:0px;--awb-width-small:100%;--awb-order-small:0;--awb-spacing-right-small:1.92%;--awb-spacing-left-small:1.92%;\" data-animationType=\"fadeInDown\" data-animationDuration=\"0.8\" data-animationOffset=\"top-into-view\"><div class=\"fusion-column-wrapper fusion-column-has-shadow fusion-flex-justify-content-flex-start fusion-content-layout-column\"><a class=\"fb-icon-element-2 fb-icon-element fontawesome-icon fa-chevron-down fas circle-yes fusion-link\" style=\"--awb-iconcolor:#d9cd00;--awb-iconcolor-hover:#009fe3;--awb-circlecolor:rgba(217,205,0,0);--awb-circlecolor-hover:rgba(0,159,227,0);--awb-circlebordersize:0px;--awb-font-size:48.4px;--awb-width:96.8px;--awb-height:96.8px;--awb-line-height:96.8px;--awb-margin-top:0;--awb-margin-right:0;--awb-margin-bottom:0;--awb-margin-left:0;--awb-align-self:center;\" href=\"#inhoud\" target=\"_self\" aria-label=\"Link naar #inhoud\"><\/a><\/div><\/div><\/div><\/div><div id=\"inhoud\" class=\"fusion-container-anchor\"><div class=\"fusion-fullwidth fullwidth-box fusion-builder-row-3 fusion-flex-container nonhundred-percent-fullwidth non-hundred-percent-height-scrolling\" style=\"--link_hover_color: #009fe3;--awb-border-radius-top-left:0px;--awb-border-radius-top-right:0px;--awb-border-radius-bottom-right:0px;--awb-border-radius-bottom-left:0px;--awb-padding-top:0px;--awb-padding-right:0px;--awb-padding-bottom:0px;--awb-padding-left:0px;--awb-margin-top:0px;--awb-margin-bottom:0px;--awb-background-color:rgba(0,159,227,0.17);--awb-flex-wrap:wrap;\" ><div class=\"fusion-builder-row fusion-row fusion-flex-align-items-stretch fusion-flex-content-wrap\" style=\"max-width:calc( 1300px + 0px );margin-left: calc(-0px \/ 2 );margin-right: calc(-0px \/ 2 );\"><div class=\"fusion-layout-column fusion_builder_column fusion-builder-column-3 fusion_builder_column_1_2 1_2 fusion-flex-column fusion-animated\" style=\"--awb-padding-top:40px;--awb-padding-right:40px;--awb-padding-bottom:40px;--awb-padding-left:40px;--awb-bg-color:#d9cd00;--awb-bg-color-hover:#d9cd00;--awb-bg-size:cover;--awb-width-large:50%;--awb-margin-top-large:11px;--awb-spacing-right-large:0px;--awb-margin-bottom-large:0px;--awb-spacing-left-large:0px;--awb-width-medium:50%;--awb-order-medium:0;--awb-spacing-right-medium:0px;--awb-spacing-left-medium:0px;--awb-width-small:100%;--awb-order-small:0;--awb-spacing-right-small:0px;--awb-spacing-left-small:0px;\" data-animationType=\"fadeInLeft\" data-animationDuration=\"0.3\" data-animationOffset=\"top-into-view\"><div class=\"fusion-column-wrapper fusion-column-has-shadow fusion-flex-justify-content-flex-start fusion-content-layout-column\"><div class=\"fusion-text fusion-text-2\"><h3>Plannen en resultaten<\/h3>\n<p>Ook de afdeling fysiotherapie draagt bij aan verduurzaming. In 2023 zijn op beide locaties directe betaalmogelijkheden gerealiseerd. Ook krijgen pati\u00ebnten voortaan hun facturen digitaal toegestuurd. Zo gebruiken we aanzienlijk minder papier.<\/p>\n<p>In 2023 heeft de eHealth voor de fysiotherapie een flinke groei doorgemaakt. Er is nu een app waarin de fysiotherapeut oefeningen klaarzet. Ook kunnen via de app afspraken worden ingepland en verzet.<\/p>\n<\/div><\/div><\/div><div class=\"fusion-layout-column fusion_builder_column fusion-builder-column-4 fusion_builder_column_1_2 1_2 fusion-flex-column fusion-column-inner-bg-wrapper fusion-animated\" style=\"--awb-padding-top:40px;--awb-padding-right:40px;--awb-padding-bottom:40px;--awb-padding-left:40px;--awb-inner-bg-position:left center;--awb-inner-bg-size:cover;--awb-width-large:50%;--awb-margin-top-large:11px;--awb-spacing-right-large:0px;--awb-margin-bottom-large:0px;--awb-spacing-left-large:0px;--awb-width-medium:50%;--awb-order-medium:0;--awb-spacing-right-medium:0px;--awb-spacing-left-medium:0px;--awb-width-small:100%;--awb-order-small:0;--awb-spacing-right-small:0px;--awb-spacing-left-small:0px;\" data-animationType=\"fadeInRight\" data-animationDuration=\"0.6\" data-animationOffset=\"top-into-view\" data-scroll-devices=\"small-visibility,medium-visibility,large-visibility\"><span class=\"fusion-column-inner-bg hover-type-zoomin\"><span class=\"fusion-column-anchor\"><span class=\"fusion-column-inner-bg-image lazyload\" data-bg=\"https:\/\/www.wgchuizen-jaarverslag.nl\/2023\/wp-content\/uploads\/2023\/06\/IMG_4915.jpg\"><\/span><\/span><\/span><div class=\"fusion-column-wrapper fusion-column-has-shadow fusion-flex-justify-content-flex-start fusion-content-layout-column fusion-empty-column-bg-image fusion-column-has-bg-image\" data-bg-url=\"https:\/\/www.wgchuizen-jaarverslag.nl\/2023\/wp-content\/uploads\/2023\/06\/IMG_4915.jpg\"><img decoding=\"async\" class=\"fusion-empty-dims-img-placeholder fusion-no-large-visibility fusion-no-medium-visibility\" aria-label=\"IMG_4915\" src=\"data:image\/svg+xml,%3Csvg%20xmlns%3D%27http%3A%2F%2Fwww.w3.org%2F2000%2Fsvg%27%20width%3D%27640%27%20height%3D%27480%27%20viewBox%3D%270%200%20640%20480%27%3E%3Crect%20width%3D%27640%27%20height%3D%27480%27%20fill-opacity%3D%220%22%2F%3E%3C%2Fsvg%3E\"><\/div><\/div><\/div><\/div><\/div><div id=\"inhoud\" class=\"fusion-container-anchor\"><div class=\"fusion-fullwidth fullwidth-box fusion-builder-row-4 fusion-flex-container nonhundred-percent-fullwidth non-hundred-percent-height-scrolling\" style=\"--link_hover_color: #009fe3;--awb-border-radius-top-left:0px;--awb-border-radius-top-right:0px;--awb-border-radius-bottom-right:0px;--awb-border-radius-bottom-left:0px;--awb-padding-top:0px;--awb-padding-right:0px;--awb-padding-bottom:0px;--awb-padding-left:0px;--awb-margin-top:0px;--awb-margin-bottom:0px;--awb-min-height:400px;--awb-background-color:rgba(0,159,227,0.17);--awb-flex-wrap:wrap;\" ><div class=\"fusion-builder-row fusion-row fusion-flex-align-items-stretch fusion-flex-content-wrap\" style=\"max-width:calc( 1300px + 0px );margin-left: calc(-0px \/ 2 );margin-right: calc(-0px \/ 2 );\"><div class=\"fusion-layout-column fusion_builder_column fusion-builder-column-5 fusion_builder_column_1_2 1_2 fusion-flex-column fusion-column-inner-bg-wrapper fusion-animated\" style=\"--awb-padding-top:40px;--awb-padding-right:40px;--awb-padding-bottom:40px;--awb-padding-left:40px;--awb-inner-bg-position:center center;--awb-inner-bg-size:cover;--awb-width-large:50%;--awb-margin-top-large:0px;--awb-spacing-right-large:0px;--awb-margin-bottom-large:0px;--awb-spacing-left-large:0px;--awb-width-medium:50%;--awb-order-medium:0;--awb-spacing-right-medium:0px;--awb-spacing-left-medium:0px;--awb-width-small:100%;--awb-order-small:0;--awb-spacing-right-small:0px;--awb-spacing-left-small:0px;\" data-animationType=\"fadeInRight\" data-animationDuration=\"0.3\" data-animationOffset=\"top-into-view\" data-scroll-devices=\"small-visibility,medium-visibility,large-visibility\"><span class=\"fusion-column-inner-bg hover-type-zoomin\"><span class=\"fusion-column-anchor\"><span class=\"fusion-column-inner-bg-image lazyload\" data-bg=\"https:\/\/www.wgchuizen-jaarverslag.nl\/2023\/wp-content\/uploads\/2023\/06\/IMG_4918.jpg\"><\/span><\/span><\/span><div class=\"fusion-column-wrapper fusion-column-has-shadow fusion-flex-justify-content-flex-start fusion-content-layout-column fusion-empty-column-bg-image fusion-column-has-bg-image\" data-bg-url=\"https:\/\/www.wgchuizen-jaarverslag.nl\/2023\/wp-content\/uploads\/2023\/06\/IMG_4918.jpg\"><img decoding=\"async\" class=\"fusion-empty-dims-img-placeholder fusion-no-large-visibility fusion-no-medium-visibility\" aria-label=\"IMG_4918\" src=\"data:image\/svg+xml,%3Csvg%20xmlns%3D%27http%3A%2F%2Fwww.w3.org%2F2000%2Fsvg%27%20width%3D%27640%27%20height%3D%27480%27%20viewBox%3D%270%200%20640%20480%27%3E%3Crect%20width%3D%27640%27%20height%3D%27480%27%20fill-opacity%3D%220%22%2F%3E%3C%2Fsvg%3E\"><\/div><\/div><div class=\"fusion-layout-column fusion_builder_column fusion-builder-column-6 fusion_builder_column_1_2 1_2 fusion-flex-column fusion-animated\" style=\"--awb-padding-top:40px;--awb-padding-right:40px;--awb-padding-bottom:40px;--awb-padding-left:40px;--awb-bg-size:cover;--awb-width-large:50%;--awb-margin-top-large:0px;--awb-spacing-right-large:0px;--awb-margin-bottom-large:0px;--awb-spacing-left-large:0px;--awb-width-medium:50%;--awb-order-medium:0;--awb-spacing-right-medium:0px;--awb-spacing-left-medium:0px;--awb-width-small:100%;--awb-order-small:0;--awb-spacing-right-small:0px;--awb-spacing-left-small:0px;\" data-animationType=\"fadeInLeft\" data-animationDuration=\"0.6\" data-animationOffset=\"top-into-view\"><div class=\"fusion-column-wrapper fusion-column-has-shadow fusion-flex-justify-content-flex-start fusion-content-layout-column\"><div class=\"fusion-text fusion-text-3\"><h3>Plannen nieuwe jaar<\/h3>\n<p>In 2024 werken we verder aan samenwerking in het zorgnetwerk. We bieden samen met anderen netwerkzorg voor duizeligheid, oncologische zorg, artrose heup\/knie en schouderklachten. Voor psychomotorische therapie (PMT) willen we starten met groepsbijeenkomsten.<\/p>\n<p>In Huizen zoeken we naar verdieping van de samenwerking met het Multi-Therapeutisch Centrum (MTC). Samen met het MTC organiseren we al valpreventietrainingen.<\/p>\n<\/div><\/div><\/div><\/div><\/div><\/div><div id=\"inhoud\" class=\"fusion-container-anchor\"><div class=\"fusion-fullwidth fullwidth-box fusion-builder-row-5 fusion-flex-container nonhundred-percent-fullwidth non-hundred-percent-height-scrolling\" style=\"--link_hover_color: #009fe3;--awb-border-radius-top-left:0px;--awb-border-radius-top-right:0px;--awb-border-radius-bottom-right:0px;--awb-border-radius-bottom-left:0px;--awb-padding-top:0px;--awb-padding-right:0px;--awb-padding-bottom:0px;--awb-padding-left:0px;--awb-margin-top:0px;--awb-margin-bottom:0px;--awb-min-height:400px;--awb-background-color:rgba(0,159,227,0.17);--awb-flex-wrap:wrap;\" ><div class=\"fusion-builder-row fusion-row fusion-flex-align-items-stretch fusion-flex-content-wrap\" style=\"max-width:calc( 1300px + 0px );margin-left: calc(-0px \/ 2 );margin-right: calc(-0px \/ 2 );\"><div class=\"fusion-layout-column fusion_builder_column fusion-builder-column-7 fusion_builder_column_1_2 1_2 fusion-flex-column fusion-column-inner-bg-wrapper fusion-animated\" style=\"--awb-padding-top:40px;--awb-padding-right:40px;--awb-padding-bottom:40px;--awb-padding-left:40px;--awb-inner-bg-position:left center;--awb-inner-bg-size:cover;--awb-width-large:50%;--awb-margin-top-large:0px;--awb-spacing-right-large:0px;--awb-margin-bottom-large:0px;--awb-spacing-left-large:0px;--awb-width-medium:50%;--awb-order-medium:0;--awb-spacing-right-medium:0px;--awb-spacing-left-medium:0px;--awb-width-small:100%;--awb-order-small:0;--awb-spacing-right-small:0px;--awb-spacing-left-small:0px;\" data-animationType=\"fadeInLeft\" data-animationDuration=\"0.3\" data-animationOffset=\"top-into-view\"><span class=\"fusion-column-inner-bg hover-type-zoomin\"><span class=\"fusion-column-anchor\"><span class=\"fusion-column-inner-bg-image\"><\/span><\/span><\/span><div class=\"fusion-column-wrapper fusion-column-has-shadow fusion-flex-justify-content-flex-start fusion-content-layout-column\"><div class=\"fusion-text fusion-text-4\"><h3>Cijfers verleende zorg<\/h3>\n<p>Bij de fysiotherapie waren in 2023 gemiddeld ruim 1924 pati\u00ebnten in behandeling. Er kwamen 701 nieuwe pati\u00ebnten bij.<\/p>\n<\/div>\n<table width=\"242\">\n<tbody>\n<tr>\n<td width=\"91\"><strong>Leeftijdsgroep<\/strong><\/td>\n<td width=\"93\"><strong>Aantal pati\u00ebnten<\/strong><\/td>\n<td width=\"58\"><strong>%<\/strong><\/td>\n<\/tr>\n<tr>\n<td width=\"91\"><strong>0 &#8211; 19 jaar<\/strong><\/td>\n<td width=\"93\">124<\/td>\n<td width=\"58\">6,4%<\/td>\n<\/tr>\n<tr>\n<td width=\"91\"><strong>20 &#8211; 39 jaar<\/strong><\/td>\n<td width=\"93\">324<\/td>\n<td width=\"58\">16,8%<\/td>\n<\/tr>\n<tr>\n<td width=\"91\"><strong>40 &#8211; 59 jaar<\/strong><\/td>\n<td width=\"93\">499<\/td>\n<td width=\"58\">25,9%<\/td>\n<\/tr>\n<tr>\n<td width=\"91\"><strong>60 &#8211; 79 jaar<\/strong><\/td>\n<td width=\"93\">845<\/td>\n<td width=\"58\">43,9%<\/td>\n<\/tr>\n<tr>\n<td width=\"91\"><strong>80+ jaar<\/strong><\/td>\n<td width=\"93\">132<\/td>\n<td width=\"58\">6,9%<\/td>\n<\/tr>\n<\/tbody>\n<\/table>\n<div class=\"fusion-text fusion-text-5\"><p>In de tabel hierboven wordt de leeftijdsverdeling van de ingeschreven pati\u00ebnten weergegeven. Bij de leeftijdsverdeling valt op dat de groep 60 tot 79 jaar het grootst is.<\/p>\n<\/div><div class=\"fusion-text fusion-text-6\"><p>In 2023 lag het behandelindex van onze fysiotherapie lager dan het landelijk gemiddelde. Dit betekent dat pati\u00ebnten bij ons gemiddeld minder behandelingen nodig hebben om een behandeling af te sluiten.<\/p>\n<p>We zien dat in 2023 een aanzienlijk aantal pati\u00ebnten met duizeligheidklachten bij onze fysiotherapie is geweest. Dit aantal valt de verklaren door de specialisatie van onze fysiotherapeut voor pati\u00ebnten met duizeligheidsklachten. Huisartsen en verwijzers uit de tweede lijn weten ons inmiddels ook goed te vinden voor hun pati\u00ebnten met deze klachten. We zien daarnaast een groei in het aantal pati\u00ebnten zonder verwijzing. Dit betekent dat pati\u00ebnten zelf ons zelf steeds beter weten te vinden.<\/p>\n<p>De afdeling fysiotherapie realiseert daarmee haar behandelprincipes:<\/p>\n<ul>\n<li>doelmatig en effici\u00ebnt werken;<\/li>\n<li>niet vaker behandelen dan nodig is;<\/li>\n<li>de zelfredzaamheid van pati\u00ebnten vergroten.<\/li>\n<\/ul>\n<\/div><\/div><\/div><div class=\"fusion-layout-column fusion_builder_column fusion-builder-column-8 fusion_builder_column_1_2 1_2 fusion-flex-column fusion-column-inner-bg-wrapper fusion-animated\" style=\"--awb-padding-top:40px;--awb-padding-right:40px;--awb-padding-bottom:40px;--awb-padding-left:40px;--awb-inner-bg-size:cover;--awb-width-large:50%;--awb-margin-top-large:0px;--awb-spacing-right-large:0px;--awb-margin-bottom-large:0px;--awb-spacing-left-large:0px;--awb-width-medium:50%;--awb-order-medium:0;--awb-spacing-right-medium:0px;--awb-spacing-left-medium:0px;--awb-width-small:100%;--awb-order-small:0;--awb-spacing-right-small:0px;--awb-spacing-left-small:0px;\" data-animationType=\"fadeInRight\" data-animationDuration=\"0.6\" data-animationOffset=\"top-into-view\" data-scroll-devices=\"small-visibility,medium-visibility,large-visibility\"><span class=\"fusion-column-inner-bg hover-type-zoomin\"><span class=\"fusion-column-anchor\"><span class=\"fusion-column-inner-bg-image lazyload\" data-bg=\"https:\/\/www.wgchuizen-jaarverslag.nl\/2023\/wp-content\/uploads\/2023\/06\/IMG_4919-rotated.jpg\"><\/span><\/span><\/span><div class=\"fusion-column-wrapper fusion-column-has-shadow fusion-flex-justify-content-flex-start fusion-content-layout-column fusion-empty-column-bg-image fusion-column-has-bg-image\" data-bg-url=\"https:\/\/www.wgchuizen-jaarverslag.nl\/2023\/wp-content\/uploads\/2023\/06\/IMG_4919-rotated.jpg\"><img decoding=\"async\" class=\"fusion-empty-dims-img-placeholder fusion-no-large-visibility fusion-no-medium-visibility\" aria-label=\"IMG_4919\" src=\"data:image\/svg+xml,%3Csvg%20xmlns%3D%27http%3A%2F%2Fwww.w3.org%2F2000%2Fsvg%27%20width%3D%27480%27%20height%3D%27640%27%20viewBox%3D%270%200%20480%20640%27%3E%3Crect%20width%3D%27480%27%20height%3D%27640%27%20fill-opacity%3D%220%22%2F%3E%3C%2Fsvg%3E\"><\/div><\/div><\/div><\/div><\/div><div id=\"inhoud\" class=\"fusion-container-anchor\"><div class=\"fusion-fullwidth fullwidth-box fusion-builder-row-6 fusion-flex-container nonhundred-percent-fullwidth non-hundred-percent-height-scrolling\" style=\"--link_hover_color: #009fe3;--awb-border-radius-top-left:0px;--awb-border-radius-top-right:0px;--awb-border-radius-bottom-right:0px;--awb-border-radius-bottom-left:0px;--awb-padding-top:0px;--awb-padding-right:0px;--awb-padding-bottom:0px;--awb-padding-left:0px;--awb-margin-top:0px;--awb-margin-bottom:0px;--awb-min-height:400px;--awb-background-color:rgba(0,159,227,0.17);--awb-flex-wrap:wrap;\" ><div class=\"fusion-builder-row fusion-row fusion-flex-align-items-stretch fusion-flex-content-wrap\" style=\"max-width:calc( 1300px + 0px );margin-left: calc(-0px \/ 2 );margin-right: calc(-0px \/ 2 );\"><div class=\"fusion-layout-column fusion_builder_column fusion-builder-column-9 fusion_builder_column_1_2 1_2 fusion-flex-column fusion-column-inner-bg-wrapper fusion-animated\" style=\"--awb-padding-top:40px;--awb-padding-right:40px;--awb-padding-bottom:40px;--awb-padding-left:40px;--awb-inner-bg-position:center center;--awb-inner-bg-size:cover;--awb-width-large:50%;--awb-margin-top-large:0px;--awb-spacing-right-large:0px;--awb-margin-bottom-large:0px;--awb-spacing-left-large:0px;--awb-width-medium:50%;--awb-order-medium:0;--awb-spacing-right-medium:0px;--awb-spacing-left-medium:0px;--awb-width-small:100%;--awb-order-small:0;--awb-spacing-right-small:0px;--awb-spacing-left-small:0px;\" data-animationType=\"fadeInRight\" data-animationDuration=\"0.3\" data-animationOffset=\"top-into-view\" data-scroll-devices=\"small-visibility,medium-visibility,large-visibility\"><span class=\"fusion-column-inner-bg hover-type-zoomin\"><span class=\"fusion-column-anchor\"><span class=\"fusion-column-inner-bg-image lazyload\" data-bg=\"https:\/\/www.wgchuizen-jaarverslag.nl\/2023\/wp-content\/uploads\/2024\/07\/PHOM5819-scaled.jpg\"><\/span><\/span><\/span><div class=\"fusion-column-wrapper fusion-column-has-shadow fusion-flex-justify-content-flex-start fusion-content-layout-column fusion-empty-column-bg-image fusion-column-has-bg-image\" data-bg-url=\"https:\/\/www.wgchuizen-jaarverslag.nl\/2023\/wp-content\/uploads\/2024\/07\/PHOM5819-scaled.jpg\"><img decoding=\"async\" class=\"fusion-empty-dims-img-placeholder fusion-no-large-visibility fusion-no-medium-visibility\" aria-label=\"PHOM5819\" src=\"data:image\/svg+xml,%3Csvg%20xmlns%3D%27http%3A%2F%2Fwww.w3.org%2F2000%2Fsvg%27%20width%3D%272560%27%20height%3D%271707%27%20viewBox%3D%270%200%202560%201707%27%3E%3Crect%20width%3D%272560%27%20height%3D%271707%27%20fill-opacity%3D%220%22%2F%3E%3C%2Fsvg%3E\"><\/div><\/div><div class=\"fusion-layout-column fusion_builder_column fusion-builder-column-10 fusion_builder_column_1_2 1_2 fusion-flex-column fusion-animated\" style=\"--awb-padding-top:40px;--awb-padding-right:40px;--awb-padding-bottom:40px;--awb-padding-left:40px;--awb-bg-size:cover;--awb-width-large:50%;--awb-margin-top-large:0px;--awb-spacing-right-large:0px;--awb-margin-bottom-large:0px;--awb-spacing-left-large:0px;--awb-width-medium:50%;--awb-order-medium:0;--awb-spacing-right-medium:0px;--awb-spacing-left-medium:0px;--awb-width-small:100%;--awb-order-small:0;--awb-spacing-right-small:0px;--awb-spacing-left-small:0px;\" data-animationType=\"fadeInLeft\" data-animationDuration=\"0.6\" data-animationOffset=\"top-into-view\"><div class=\"fusion-column-wrapper fusion-column-has-shadow fusion-flex-justify-content-flex-start fusion-content-layout-column\"><div class=\"fusion-text fusion-text-7\"><h3>Kwaliteit<\/h3>\n<p>De fysiotherapie is geaccrediteerd volgens het Keurmerk Fysiotherapie. Dit keurmerk is elke keer twee jaar geldig. Het keurmerk is een onafhankelijk kwaliteitsregister dat inzicht geeft in de kwaliteit van het werk en de producten en diensten rondom fysiotherapie. Via het keurmerk onderscheidt de afdeling zich op het gebied van kwaliteitszorg.<\/p>\n<p>Om de tevredenheid van onze pati\u00ebnten te meten, gebruiken we Qualiview. In 2023 kregen onze fysiotherapeuten via Qualiview mooie feedback van pati\u00ebnten.<\/p>\n<p>Om geregistreerd te staan in kwaliteitsregisters en aangesloten te blijven bij netwerken volgen de fysiotherapeuten scholing in diverse specialisaties. De fysiotherapeuten beoordelen ieder jaar bij het maken van de jaarplannen of ze daarvoor extra scholing nodig hebben. In 2023 hebben fysiotherapeuten zich geschoold in:<\/p>\n<ul>\n<li>duizeligheid;<\/li>\n<li>oncologische zorg;<\/li>\n<li>handtherapie<\/li>\n<\/ul>\n<p>Voor interne kwaliteitsverbetering houden de fysiotherapeuten 'peer reviews'. Een collega kijkt dan af en toe mee met een andere collega voor feedback.<\/p>\n<\/div><\/div><\/div><\/div><\/div><\/div><\/p>\n","protected":false},"excerpt":{"rendered":"","protected":false},"author":1,"featured_media":0,"parent":0,"menu_order":0,"comment_status":"closed","ping_status":"closed","template":"100-width.php","meta":{"footnotes":""},"class_list":["post-45","page","type-page","status-publish","hentry"],"_links":{"self":[{"href":"https:\/\/www.wgchuizen-jaarverslag.nl\/2023\/wp-json\/wp\/v2\/pages\/45","targetHints":{"allow":["GET"]}}],"collection":[{"href":"https:\/\/www.wgchuizen-jaarverslag.nl\/2023\/wp-json\/wp\/v2\/pages"}],"about":[{"href":"https:\/\/www.wgchuizen-jaarverslag.nl\/2023\/wp-json\/wp\/v2\/types\/page"}],"author":[{"embeddable":true,"href":"https:\/\/www.wgchuizen-jaarverslag.nl\/2023\/wp-json\/wp\/v2\/users\/1"}],"replies":[{"embeddable":true,"href":"https:\/\/www.wgchuizen-jaarverslag.nl\/2023\/wp-json\/wp\/v2\/comments?post=45"}],"version-history":[{"count":14,"href":"https:\/\/www.wgchuizen-jaarverslag.nl\/2023\/wp-json\/wp\/v2\/pages\/45\/revisions"}],"predecessor-version":[{"id":569,"href":"https:\/\/www.wgchuizen-jaarverslag.nl\/2023\/wp-json\/wp\/v2\/pages\/45\/revisions\/569"}],"wp:attachment":[{"href":"https:\/\/www.wgchuizen-jaarverslag.nl\/2023\/wp-json\/wp\/v2\/media?parent=45"}],"curies":[{"name":"wp","href":"https:\/\/api.w.org\/{rel}","templated":true}]}}