{"id":235,"date":"2021-04-19T12:13:56","date_gmt":"2021-04-19T12:13:56","guid":{"rendered":"https:\/\/laletulp.nl\/huizen\/?page_id=235"},"modified":"2022-07-04T10:49:32","modified_gmt":"2022-07-04T10:49:32","slug":"raad-van-toezicht","status":"publish","type":"page","link":"https:\/\/www.wgchuizen-jaarverslag.nl\/2021\/raad-van-toezicht\/","title":{"rendered":"Raad van toezicht"},"content":{"rendered":"<p><div class=\"fusion-bg-parallax\" data-bg-align=\"center top\" data-direction=\"down\" data-mute=\"false\" data-opacity=\"100\" data-velocity=\"-0.3\" data-mobile-enabled=\"false\" data-break_parents=\"0\" data-bg-image=\"https:\/\/www.wgchuizen-jaarverslag.nl\/2021\/wp-content\/uploads\/2021\/04\/LALE-0868.jpg\" data-bg-repeat=\"false\" ><\/div><div class=\"fusion-fullwidth fullwidth-box fusion-builder-row-1 fusion-flex-container fusion-parallax-down nonhundred-percent-fullwidth non-hundred-percent-height-scrolling lazyload\" style=\"--awb-background-position:center top;--awb-border-radius-top-left:0px;--awb-border-radius-top-right:0px;--awb-border-radius-bottom-right:0px;--awb-border-radius-bottom-left:0px;--awb-margin-bottom:0px;--awb-min-height:800px;--awb-background-size:cover;--awb-flex-wrap:wrap;\" data-bg=\"https:\/\/www.wgchuizen-jaarverslag.nl\/2021\/wp-content\/uploads\/2021\/04\/LALE-0868.jpg\" ><div class=\"fusion-builder-row fusion-row fusion-flex-align-items-center fusion-flex-align-content-center fusion-flex-content-wrap\" style=\"max-width:1352px;margin-left: calc(-4% \/ 2 );margin-right: calc(-4% \/ 2 );\"><div class=\"fusion-layout-column fusion_builder_column fusion-builder-column-0 fusion-flex-column fusion-flex-align-self-flex-start fusion-no-small-visibility fusion-no-medium-visibility fusion-animated\" style=\"--awb-bg-size:cover;--awb-width-large:13%;--awb-margin-top-large:0px;--awb-spacing-right-large:0px;--awb-margin-bottom-large:20px;--awb-spacing-left-large:14.769230769231%;--awb-width-medium:13%;--awb-order-medium:0;--awb-spacing-right-medium:0px;--awb-spacing-left-medium:14.769230769231%;--awb-width-small:100%;--awb-order-small:0;--awb-spacing-right-small:1.92%;--awb-spacing-left-small:1.92%;\" data-animationType=\"slideInLeft\" data-animationDuration=\"1.4\" data-animationOffset=\"top-into-view\"><div class=\"fusion-column-wrapper fusion-column-has-shadow fusion-flex-justify-content-flex-start fusion-content-layout-column\"><i class=\"fb-icon-element-1 fb-icon-element fontawesome-icon fa-chevron-right fas circle-no\" style=\"--awb-font-size:80px;--awb-margin-top:0;--awb-margin-right:0;--awb-margin-bottom:0;--awb-margin-left:0;--awb-align-self:center;\"><\/i><\/div><\/div><div class=\"fusion-layout-column fusion_builder_column fusion-builder-column-1 fusion_builder_column_1_3 1_3 fusion-flex-column fusion-animated\" style=\"--awb-padding-top:30px;--awb-padding-right:30px;--awb-padding-bottom:30px;--awb-padding-left:30px;--awb-overflow:hidden;--awb-bg-color:rgba(255,255,255,0.86);--awb-bg-color-hover:rgba(255,255,255,0.86);--awb-bg-size:cover;--awb-border-radius:20px 20px 20px 20px;--awb-width-large:33.333333333333%;--awb-margin-top-large:0px;--awb-spacing-right-large:5.76%;--awb-margin-bottom-large:20px;--awb-spacing-left-large:0px;--awb-width-medium:33.333333333333%;--awb-order-medium:0;--awb-spacing-right-medium:5.76%;--awb-spacing-left-medium:0px;--awb-width-small:100%;--awb-order-small:0;--awb-spacing-right-small:1.92%;--awb-spacing-left-small:1.92%;\" data-animationType=\"fadeInLeft\" data-animationDuration=\"0.5\" data-animationOffset=\"top-into-view\"><div class=\"fusion-column-wrapper fusion-column-has-shadow fusion-flex-justify-content-flex-start fusion-content-layout-column\"><div class=\"fusion-text fusion-text-1\" style=\"--awb-font-size:40px;--awb-line-height:1.1;--awb-text-color:#009fe3;--awb-text-font-family:&quot;Zilla Slab&quot;;--awb-text-font-style:normal;--awb-text-font-weight:500;\"><p>Raad van toezicht<\/p>\n<\/div><div class=\"fusion-separator fusion-full-width-sep\" style=\"align-self: center;margin-left: auto;margin-right: auto;margin-top:-10px;margin-bottom:-10px;width:100%;\"><\/div><\/div><\/div><\/div><\/div><div class=\"fusion-fullwidth fullwidth-box fusion-builder-row-2 fusion-flex-container nonhundred-percent-fullwidth non-hundred-percent-height-scrolling\" style=\"--link_color: #642f2c;--awb-border-radius-top-left:0px;--awb-border-radius-top-right:0px;--awb-border-radius-bottom-right:0px;--awb-border-radius-bottom-left:0px;--awb-padding-top:10px;--awb-padding-bottom:0px;--awb-margin-top:-119px;--awb-margin-bottom:-30px;--awb-flex-wrap:wrap;\" ><div class=\"fusion-builder-row fusion-row fusion-flex-align-items-flex-start fusion-flex-justify-content-center fusion-flex-content-wrap\" style=\"max-width:1352px;margin-left: calc(-4% \/ 2 );margin-right: calc(-4% \/ 2 );\"><div class=\"fusion-layout-column fusion_builder_column fusion-builder-column-2 fusion-flex-column fusion-animated\" style=\"--awb-padding-bottom:10px;--awb-overflow:hidden;--awb-bg-color:rgba(255,255,255,0.93);--awb-bg-color-hover:rgba(255,255,255,0.93);--awb-bg-size:cover;--awb-border-radius:30px 30px 0px 0px;--awb-width-large:14%;--awb-margin-top-large:0px;--awb-spacing-right-large:0px;--awb-margin-bottom-large:20px;--awb-spacing-left-large:0px;--awb-width-medium:14%;--awb-order-medium:0;--awb-spacing-right-medium:0px;--awb-spacing-left-medium:0px;--awb-width-small:100%;--awb-order-small:0;--awb-spacing-right-small:1.92%;--awb-spacing-left-small:1.92%;\" data-animationType=\"fadeInDown\" data-animationDuration=\"0.8\" data-animationOffset=\"top-into-view\"><div class=\"fusion-column-wrapper fusion-column-has-shadow fusion-flex-justify-content-flex-start fusion-content-layout-column\"><a class=\"fb-icon-element-2 fb-icon-element fontawesome-icon fa-chevron-down fas circle-yes fusion-link\" style=\"--awb-iconcolor:#d9cd00;--awb-iconcolor-hover:#009fe3;--awb-circlecolor:rgba(217,205,0,0);--awb-circlecolor-hover:rgba(0,159,227,0);--awb-circlebordersize:0px;--awb-font-size:48.4px;--awb-width:96.8px;--awb-height:96.8px;--awb-line-height:96.8px;--awb-margin-top:0;--awb-margin-right:0;--awb-margin-bottom:0;--awb-margin-left:0;--awb-align-self:center;\" href=\"#inhoud\" target=\"_self\" aria-label=\"Link naar #inhoud\"><\/a><\/div><\/div><\/div><\/div><div id=\"inhoud\" class=\"fusion-container-anchor\"><div class=\"fusion-fullwidth fullwidth-box fusion-builder-row-3 fusion-flex-container nonhundred-percent-fullwidth non-hundred-percent-height-scrolling\" style=\"--link_hover_color: #009fe3;--awb-border-radius-top-left:0px;--awb-border-radius-top-right:0px;--awb-border-radius-bottom-right:0px;--awb-border-radius-bottom-left:0px;--awb-padding-top:0px;--awb-padding-right:0px;--awb-padding-bottom:0px;--awb-padding-left:0px;--awb-margin-top:0px;--awb-margin-bottom:0px;--awb-background-color:rgba(0,159,227,0.17);--awb-flex-wrap:wrap;\" ><div class=\"fusion-builder-row fusion-row fusion-flex-align-items-stretch fusion-flex-content-wrap\" style=\"max-width:1352px;margin-left: calc(-4% \/ 2 );margin-right: calc(-4% \/ 2 );\"><div class=\"fusion-layout-column fusion_builder_column fusion-builder-column-3 fusion_builder_column_1_2 1_2 fusion-flex-column fusion-animated\" style=\"--awb-padding-top:40px;--awb-padding-right:40px;--awb-padding-bottom:40px;--awb-padding-left:40px;--awb-bg-color:#d9cd00;--awb-bg-color-hover:#d9cd00;--awb-bg-size:cover;--awb-width-large:50%;--awb-margin-top-large:11px;--awb-spacing-right-large:0px;--awb-margin-bottom-large:0px;--awb-spacing-left-large:3.84%;--awb-width-medium:50%;--awb-order-medium:0;--awb-spacing-right-medium:0px;--awb-spacing-left-medium:3.84%;--awb-width-small:100%;--awb-order-small:0;--awb-spacing-right-small:1.92%;--awb-spacing-left-small:1.92%;\" data-animationType=\"fadeInLeft\" data-animationDuration=\"0.3\" data-animationOffset=\"top-into-view\"><div class=\"fusion-column-wrapper fusion-column-has-shadow fusion-flex-justify-content-flex-start fusion-content-layout-column\"><div class=\"fusion-builder-row fusion-builder-row-inner fusion-row fusion-flex-align-items-stretch fusion-flex-content-wrap\" style=\"width:104% !important;max-width:104% !important;margin-left: calc(-4% \/ 2 );margin-right: calc(-4% \/ 2 );\"><div class=\"fusion-layout-column fusion_builder_column_inner fusion-builder-nested-column-0 fusion-flex-column\" style=\"--awb-bg-size:cover;--awb-width-large:auto;--awb-margin-top-large:0px;--awb-spacing-right-large:2%;--awb-margin-bottom-large:20px;--awb-spacing-left-large:2%;--awb-width-medium:auto;--awb-order-medium:0;--awb-spacing-right-medium:2%;--awb-spacing-left-medium:2%;--awb-width-small:100%;--awb-order-small:0;--awb-spacing-right-small:1.92%;--awb-spacing-left-small:1.92%;\"><div class=\"fusion-column-wrapper fusion-column-has-shadow fusion-flex-justify-content-flex-start fusion-content-layout-column\"><div class=\"fusion-image-element \" style=\"text-align:left;--awb-max-width:150px;--awb-caption-title-font-family:var(--h2_typography-font-family);--awb-caption-title-font-weight:var(--h2_typography-font-weight);--awb-caption-title-font-style:var(--h2_typography-font-style);--awb-caption-title-size:var(--h2_typography-font-size);--awb-caption-title-transform:var(--h2_typography-text-transform);--awb-caption-title-line-height:var(--h2_typography-line-height);--awb-caption-title-letter-spacing:var(--h2_typography-letter-spacing);\"><span class=\" fusion-imageframe imageframe-none imageframe-1 hover-type-zoomin\" style=\"border-radius:100px;\"><img decoding=\"async\" width=\"2560\" height=\"2497\" title=\"foto liesbet tijhaar\" src=\"https:\/\/www.wgchuizen-jaarverslag.nl\/2021\/wp-content\/uploads\/2022\/06\/foto-liesbet-tijhaar-scaled.jpg\" data-orig-src=\"https:\/\/www.wgchuizen-jaarverslag.nl\/2021\/wp-content\/uploads\/2022\/06\/foto-liesbet-tijhaar-scaled.jpg\" alt class=\"lazyload img-responsive wp-image-359\" srcset=\"data:image\/svg+xml,%3Csvg%20xmlns%3D%27http%3A%2F%2Fwww.w3.org%2F2000%2Fsvg%27%20width%3D%272560%27%20height%3D%272497%27%20viewBox%3D%270%200%202560%202497%27%3E%3Crect%20width%3D%272560%27%20height%3D%272497%27%20fill-opacity%3D%220%22%2F%3E%3C%2Fsvg%3E\" data-srcset=\"https:\/\/www.wgchuizen-jaarverslag.nl\/2021\/wp-content\/uploads\/2022\/06\/foto-liesbet-tijhaar-200x195.jpg 200w, https:\/\/www.wgchuizen-jaarverslag.nl\/2021\/wp-content\/uploads\/2022\/06\/foto-liesbet-tijhaar-400x390.jpg 400w, https:\/\/www.wgchuizen-jaarverslag.nl\/2021\/wp-content\/uploads\/2022\/06\/foto-liesbet-tijhaar-600x585.jpg 600w, https:\/\/www.wgchuizen-jaarverslag.nl\/2021\/wp-content\/uploads\/2022\/06\/foto-liesbet-tijhaar-800x780.jpg 800w, https:\/\/www.wgchuizen-jaarverslag.nl\/2021\/wp-content\/uploads\/2022\/06\/foto-liesbet-tijhaar-1200x1170.jpg 1200w, https:\/\/www.wgchuizen-jaarverslag.nl\/2021\/wp-content\/uploads\/2022\/06\/foto-liesbet-tijhaar-scaled.jpg 2560w\" data-sizes=\"auto\" data-orig-sizes=\"(max-width: 640px) 100vw, 2560px\" \/><\/span><\/div><\/div><\/div><div class=\"fusion-layout-column fusion_builder_column_inner fusion-builder-nested-column-1 fusion_builder_column_inner_2_3 2_3 fusion-flex-column\" style=\"--awb-bg-size:cover;--awb-width-large:66.666666666667%;--awb-margin-top-large:0px;--awb-spacing-right-large:2.88%;--awb-margin-bottom-large:20px;--awb-spacing-left-large:2.88%;--awb-width-medium:66.666666666667%;--awb-order-medium:0;--awb-spacing-right-medium:2.88%;--awb-spacing-left-medium:2.88%;--awb-width-small:100%;--awb-order-small:0;--awb-spacing-right-small:1.92%;--awb-spacing-left-small:1.92%;\"><div class=\"fusion-column-wrapper fusion-column-has-shadow fusion-flex-justify-content-center fusion-content-layout-column\"><div class=\"fusion-text fusion-text-2\"><p><em>Liesbet Tijhaar<br \/>\nvoorzitter raad van toezicht<\/em><\/p>\n<\/div><\/div><\/div><\/div><div class=\"fusion-text fusion-text-3\"><h1><strong>Raad van toezicht zegt: dankjewel<\/strong><\/h1>\n<\/div><div class=\"fusion-text fusion-text-4\"><h3>De raad van toezicht heeft binnen WGC Huizen een eigen rol. De raad benoemt de directeur-bestuurder, ziet toe op de bedrijfsvoering en denkt mee over belangrijke beleidsbeslissingen. 'Toch hebben we allemaal hetzelfde doel', zegt rvt-lid Liesbet Tijhaar. 'We willen samen met alle betrokkenen dat de gezondheidscentra goede pati\u00ebntenzorg bieden vanuit een financieel gezonde situatie.'<\/h3>\n<p>Hoe gaan de wijkgezondheidscentra Huizen de komende jaren verder? Hoe blijven we de beste zorg aan pati\u00ebnten bieden? Wat is daarvoor nodig? De raad van toezicht, de directeur-bestuurder en vertegenwoordigers van alle disciplines hebben hier in 2021 samen over nagedacht. De resultaten zijn vastgelegd in een beleidsplan voor de komende vier jaar.<\/p>\n<\/div><\/div><\/div><div class=\"fusion-layout-column fusion_builder_column fusion-builder-column-4 fusion_builder_column_1_2 1_2 fusion-flex-column fusion-animated\" style=\"--awb-padding-top:40px;--awb-padding-right:40px;--awb-padding-bottom:40px;--awb-padding-left:40px;--awb-bg-size:cover;--awb-width-large:50%;--awb-margin-top-large:30px;--awb-spacing-right-large:3.84%;--awb-margin-bottom-large:0px;--awb-spacing-left-large:3.84%;--awb-width-medium:50%;--awb-order-medium:0;--awb-spacing-right-medium:3.84%;--awb-spacing-left-medium:3.84%;--awb-width-small:100%;--awb-order-small:0;--awb-spacing-right-small:1.92%;--awb-spacing-left-small:1.92%;\" data-animationType=\"fadeInRight\" data-animationDuration=\"0.6\" data-animationOffset=\"top-into-view\"><div class=\"fusion-column-wrapper fusion-column-has-shadow fusion-flex-justify-content-flex-start fusion-content-layout-column\"><div class=\"fusion-text fusion-text-5\"><h3><strong>Wijkgericht werken<\/strong><\/h3>\n<p>Een belangrijk punt uit dit beleidsplan is het wijkgericht werken. 'Goede zorg overstijgt de muren van onze gezondheidscentra,' zegt Liesbet die eerder wethouder was in de gemeente Huizen en weet hoe in het politieke krachtenveld de hazen lopen. 'Het is belangrijk gezondheid en welzijn te koppelen. Mensen die eenzaam zijn, komen met depressieve klachten bij de huisarts. Hogere energieprijzen veroorzaken stress en schulden, waardoor mensen gezondheidsklachten krijgen. We moeten als gezondheidscentra samenwerken met wijkverpleging, thuiszorg, gemeente en welzijnsorganisaties. Die samenwerking staat de komende vier jaar hoog op de agenda.'<\/p>\n<h3><strong>Aantrekkelijke werkplek<\/strong><\/h3>\n<p>Het beleidsplan besteedt aandacht aan veel meer onderwerpen. Liesbet: 'Bijvoorbeeld: hoe verlagen we de administratiedruk voor medewerkers? Hoe zorgen we ervoor dat de gezondheidscentra een aantrekkelijke werkplek blijven voor medewerkers? Hoe verhogen we de zelfredzaamheid van pati\u00ebnten? Hoe blijven we financieel gezond? Het beleidsplan geeft richting.'<\/p>\n<h3><strong>Grote waardering<\/strong><\/h3>\n<p>Wijkgezondheidscentra Huizen hebben het verslagjaar 2021 financieel positief afgesloten. Ook de zorg is van goede kwaliteit geweest. En dat terwijl ook 2021 vanwege corona een bijzonder jaar was. Corona, zieke pati\u00ebnten, zorg die op een andere manier moest worden aangeboden, vaccinaties en de vele vragen van pati\u00ebnten zorgden voor extra belasting van de medewerkers. Liesbet: 'Let wel: het kwam erbij. Het vroeg van medewerkers extra inzet, flexibiliteit, veerkracht en improvisatievermogen. We hebben grote waardering voor de bestuurder, professionals en alle medewerkers van de centra. Zij hebben onder moeilijke omstandigheden geweldig werk geleverd. Pati\u00ebnten hebben ook tijdens de coronacrisis goede zorg gekregen. Daarom zeggen we als raad van toezicht van harte: dankjewel!'<\/p>\n<\/div><\/div><\/div><\/div><\/div><\/div><div class=\"fusion-fullwidth fullwidth-box fusion-builder-row-4 fusion-flex-container hundred-percent-fullwidth non-hundred-percent-height-scrolling\" style=\"--awb-border-radius-top-left:0px;--awb-border-radius-top-right:0px;--awb-border-radius-bottom-right:0px;--awb-border-radius-bottom-left:0px;--awb-margin-top:40px;--awb-margin-bottom:0px;--awb-flex-wrap:wrap;\" ><div class=\"fusion-builder-row fusion-row fusion-flex-align-items-flex-start fusion-flex-content-wrap\" style=\"width:104% !important;max-width:104% !important;margin-left: calc(-4% \/ 2 );margin-right: calc(-4% \/ 2 );\"><div class=\"fusion-layout-column fusion_builder_column fusion-builder-column-5 fusion_builder_column_1_1 1_1 fusion-flex-column\" style=\"--awb-bg-size:cover;--awb-width-large:100%;--awb-margin-top-large:0px;--awb-spacing-right-large:1.92%;--awb-margin-bottom-large:0px;--awb-spacing-left-large:1.92%;--awb-width-medium:100%;--awb-order-medium:0;--awb-spacing-right-medium:1.92%;--awb-spacing-left-medium:1.92%;--awb-width-small:100%;--awb-order-small:0;--awb-spacing-right-small:1.92%;--awb-spacing-left-small:1.92%;\"><div class=\"fusion-column-wrapper fusion-column-has-shadow fusion-flex-justify-content-flex-start fusion-content-layout-column\"><div class=\"fusion-separator fusion-has-icon fusion-full-width-sep\" style=\"align-self: center;margin-left: auto;margin-right: auto;margin-top:0px;margin-bottom:0px;width:100%;\"><div class=\"fusion-separator-border sep-single sep-solid\" style=\"--awb-height:20px;--awb-amount:20px;border-color:var(--awb-color3);border-top-width:1px;\"><\/div><span class=\"icon-wrapper\" style=\"border-color:var(--awb-color3);background-color:#009fe3;font-size:25px;width: 1.75em; height: 1.75em;border-width:1px;padding:1px;margin-top:-0.5px\"><i class=\"fa-chevron-down fas\" style=\"font-size: inherit;color:#d9cd00;\" aria-hidden=\"true\"><\/i><\/span><div class=\"fusion-separator-border sep-single sep-solid\" style=\"--awb-height:20px;--awb-amount:20px;border-color:var(--awb-color3);border-top-width:1px;\"><\/div><\/div><\/div><\/div><\/div><\/div><div id=\"clientenraad\" class=\"fusion-container-anchor\"><div class=\"fusion-fullwidth fullwidth-box fusion-builder-row-5 fusion-flex-container nonhundred-percent-fullwidth non-hundred-percent-height-scrolling\" style=\"--awb-border-radius-top-left:0px;--awb-border-radius-top-right:0px;--awb-border-radius-bottom-right:0px;--awb-border-radius-bottom-left:0px;--awb-padding-top:0px;--awb-padding-bottom:0px;--awb-flex-wrap:wrap;\" ><div class=\"fusion-builder-row fusion-row fusion-flex-align-items-stretch fusion-flex-justify-content-center fusion-flex-content-wrap\" style=\"max-width:1352px;margin-left: calc(-4% \/ 2 );margin-right: calc(-4% \/ 2 );\"><div class=\"fusion-layout-column fusion_builder_column fusion-builder-column-6 fusion_builder_column_1_2 1_2 fusion-flex-column fusion-animated\" style=\"--awb-bg-size:cover;--awb-border-color:#009fe3;--awb-border-style:solid;--awb-width-large:50%;--awb-margin-top-large:30px;--awb-spacing-right-large:3.84%;--awb-margin-bottom-large:20px;--awb-spacing-left-large:3.84%;--awb-width-medium:50%;--awb-order-medium:0;--awb-spacing-right-medium:3.84%;--awb-spacing-left-medium:3.84%;--awb-width-small:100%;--awb-order-small:0;--awb-spacing-right-small:1.92%;--awb-spacing-left-small:1.92%;\" data-animationType=\"fadeInUp\" data-animationDuration=\"0.7\" data-animationOffset=\"top-into-view\"><div class=\"fusion-column-wrapper fusion-column-has-shadow fusion-flex-justify-content-flex-start fusion-content-layout-column\"><div class=\"fusion-text fusion-text-6\"><h2 style=\"text-align: center;\">Lid worden van de Cli\u00ebntenraad?<strong><br \/>\n<\/strong><\/h2>\n<p style=\"text-align: center;\">WGC Huizen heeft sinds 2020 een Cli\u00ebntenraad. Juist cli\u00ebnten kunnen vertellen aan welke zorg behoefte is, wat goed gaat en wat beter kan. De Cli\u00ebntenraad bestaat nu uit vier leden. De bedoeling is de raad uit te breiden tot vijf \u00e0 zeven leden. Belangstelling? Neem contact op met <a href=\"mailto:clientenraad@wgchuizen.nl\">clientenraad@wgchuizen.nl<\/a>.<\/p>\n<\/div><\/div><\/div><\/div><\/div><\/div><\/p>\n","protected":false},"excerpt":{"rendered":"","protected":false},"author":4,"featured_media":0,"parent":0,"menu_order":0,"comment_status":"closed","ping_status":"closed","template":"100-width.php","meta":{"footnotes":""},"class_list":["post-235","page","type-page","status-publish","hentry"],"_links":{"self":[{"href":"https:\/\/www.wgchuizen-jaarverslag.nl\/2021\/wp-json\/wp\/v2\/pages\/235","targetHints":{"allow":["GET"]}}],"collection":[{"href":"https:\/\/www.wgchuizen-jaarverslag.nl\/2021\/wp-json\/wp\/v2\/pages"}],"about":[{"href":"https:\/\/www.wgchuizen-jaarverslag.nl\/2021\/wp-json\/wp\/v2\/types\/page"}],"author":[{"embeddable":true,"href":"https:\/\/www.wgchuizen-jaarverslag.nl\/2021\/wp-json\/wp\/v2\/users\/4"}],"replies":[{"embeddable":true,"href":"https:\/\/www.wgchuizen-jaarverslag.nl\/2021\/wp-json\/wp\/v2\/comments?post=235"}],"version-history":[{"count":19,"href":"https:\/\/www.wgchuizen-jaarverslag.nl\/2021\/wp-json\/wp\/v2\/pages\/235\/revisions"}],"predecessor-version":[{"id":411,"href":"https:\/\/www.wgchuizen-jaarverslag.nl\/2021\/wp-json\/wp\/v2\/pages\/235\/revisions\/411"}],"wp:attachment":[{"href":"https:\/\/www.wgchuizen-jaarverslag.nl\/2021\/wp-json\/wp\/v2\/media?parent=235"}],"curies":[{"name":"wp","href":"https:\/\/api.w.org\/{rel}","templated":true}]}}